{"id":2929,"date":"2026-01-24T12:27:40","date_gmt":"2026-01-24T11:27:40","guid":{"rendered":"https:\/\/batit.sfdbeta.be\/traitement-humidite-cave\/"},"modified":"2026-04-09T12:31:51","modified_gmt":"2026-04-09T10:31:51","slug":"kelder-waterdicht-maken","status":"publish","type":"page","link":"https:\/\/batitprotect.be\/nl\/vochtbestrijding\/kelder-waterdicht-maken\/","title":{"rendered":"Kelder waterdicht maken"},"content":{"rendered":"<p class=\"p1\">Les <span class=\"s1\"><b>injections murales<\/b><\/span> consistent \u00e0 injecter une <span class=\"s1\"><b>r\u00e9sine hydrophobe<\/b><\/span> dans l\u2019\u00e9paisseur des <span class=\"s1\"><b>murs<\/b><\/span> afin de bloquer les <span class=\"s1\"><b>remont\u00e9es capillaires<\/b><\/span>. Le produit, appliqu\u00e9 sous pression contr\u00f4l\u00e9e, cr\u00e9e une <span class=\"s1\"><b>barri\u00e8re horizontale \u00e9tanche<\/b><\/span> qui emp\u00eache l\u2019<span class=\"s1\"><b>eau du sol<\/b><\/span> de remonter par les pores des <span class=\"s1\"><b>mat\u00e9riaux de construction<\/b><\/span>.<\/p>\n<p class=\"p1\">Cette technique est particuli\u00e8rement adapt\u00e9e aux <span class=\"s1\"><b>murs humides par le bas<\/b><\/span>, aux <span class=\"s1\"><b>peintures qui cloquent<\/b><\/span> ou aux <span class=\"s1\"><b>traces d\u2019humidit\u00e9<\/b><\/span> apparaissant \u00e0 hauteur r\u00e9guli\u00e8re. Les <span class=\"s1\"><b>injections<\/b><\/span> sont souvent combin\u00e9es avec la r\u00e9novation des <span class=\"s1\"><b>enduits<\/b><\/span> et, si n\u00e9cessaire, avec un <span class=\"s1\"><b>cuvelage<\/b><\/span> partiel ou complet pour renforcer l\u2019<span class=\"s1\"><b>\u00e9tanch\u00e9it\u00e9 globale<\/b><\/span> de la <span class=\"s1\"><b>cave<\/b><\/span>.<\/p>\n","protected":false},"excerpt":{"rendered":"<p>Les injections murales consistent \u00e0 injecter une r\u00e9sine hydrophobe dans l\u2019\u00e9paisseur des murs afin de bloquer les remont\u00e9es capillaires. Le produit, appliqu\u00e9 sous pression contr\u00f4l\u00e9e, cr\u00e9e une barri\u00e8re horizontale \u00e9tanche qui emp\u00eache l\u2019eau du sol de remonter par les pores des mat\u00e9riaux de construction. Cette technique est particuli\u00e8rement adapt\u00e9e aux murs humides par le bas, [&hellip;]<\/p>\n","protected":false},"author":4,"featured_media":0,"parent":4513,"menu_order":0,"comment_status":"closed","ping_status":"closed","template":"templates\/page-nos-garanties.php","meta":{"_acf_changed":false,"footnotes":""},"class_list":["post-2929","page","type-page","status-publish","hentry"],"acf":[],"_links":{"self":[{"href":"https:\/\/batitprotect.be\/nl\/wp-json\/wp\/v2\/pages\/2929","targetHints":{"allow":["GET"]}}],"collection":[{"href":"https:\/\/batitprotect.be\/nl\/wp-json\/wp\/v2\/pages"}],"about":[{"href":"https:\/\/batitprotect.be\/nl\/wp-json\/wp\/v2\/types\/page"}],"author":[{"embeddable":true,"href":"https:\/\/batitprotect.be\/nl\/wp-json\/wp\/v2\/users\/4"}],"replies":[{"embeddable":true,"href":"https:\/\/batitprotect.be\/nl\/wp-json\/wp\/v2\/comments?post=2929"}],"version-history":[{"count":5,"href":"https:\/\/batitprotect.be\/nl\/wp-json\/wp\/v2\/pages\/2929\/revisions"}],"predecessor-version":[{"id":5364,"href":"https:\/\/batitprotect.be\/nl\/wp-json\/wp\/v2\/pages\/2929\/revisions\/5364"}],"up":[{"embeddable":true,"href":"https:\/\/batitprotect.be\/nl\/wp-json\/wp\/v2\/pages\/4513"}],"wp:attachment":[{"href":"https:\/\/batitprotect.be\/nl\/wp-json\/wp\/v2\/media?parent=2929"}],"curies":[{"name":"wp","href":"https:\/\/api.w.org\/{rel}","templated":true}]}}