{"id":4345,"date":"2026-02-11T16:28:41","date_gmt":"2026-02-11T15:28:41","guid":{"rendered":"https:\/\/batit.sfdbeta.be\/behandeling-van-vochtige-muren\/"},"modified":"2026-04-09T12:31:59","modified_gmt":"2026-04-09T10:31:59","slug":"behandeling-van-vochtige-muren","status":"publish","type":"page","link":"https:\/\/batitprotect.be\/nl\/vochtbestrijding\/behandeling-van-vochtige-muren\/","title":{"rendered":"Behandeling van vochtige muren"},"content":{"rendered":"<p class=\"p1\"><span class=\"s1\"><b>Muurinjecties<\/b><\/span> bestaan uit het injecteren van een <span class=\"s1\"><b>hydrofobe hars<\/b><\/span> in de dikte van de <span class=\"s1\"><b>muren<\/b><\/span> om <span class=\"s1\"><b>opstijgend vocht<\/b><\/span> te blokkeren. Het product, aangebracht onder gecontroleerde druk, cre\u00ebert een <span class=\"s1\"><b>horizontale waterdichte barri\u00e8re<\/b><\/span> die voorkomt dat <span class=\"s1\"><b>grondwater<\/b><\/span> via de pori\u00ebn van de <span class=\"s1\"><b>bouwmaterialen<\/b><\/span> omhoog kruipt.<\/p>\n<p class=\"p1\">Deze techniek is bijzonder geschikt voor <span class=\"s1\"><b>muren die onderaan vochtig zijn<\/b><\/span>, voor <span class=\"s1\"><b>afbladderende verf<\/b><\/span> of voor <span class=\"s1\"><b>vochtsporen<\/b><\/span> die op regelmatige hoogte verschijnen. <span class=\"s1\"><b>Injecties<\/b><\/span> worden vaak gecombineerd met de renovatie van <span class=\"s1\"><b>pleisterwerk<\/b><\/span> en, indien nodig, met een gedeeltelijke of volledige <span class=\"s1\"><b>kelderdichting<\/b><\/span> om de <span class=\"s1\"><b>algehele waterdichting<\/b><\/span> van de <span class=\"s1\"><b>kelder<\/b><\/span> te versterken.<\/p>\n","protected":false},"excerpt":{"rendered":"<p>Muurinjecties bestaan uit het injecteren van een hydrofobe hars in de dikte van de muren om opstijgend vocht te blokkeren. Het product, aangebracht onder gecontroleerde druk, cre\u00ebert een horizontale waterdichte barri\u00e8re die voorkomt dat grondwater via de pori\u00ebn van de bouwmaterialen omhoog kruipt. Deze techniek is bijzonder geschikt voor muren die onderaan vochtig zijn, voor [&hellip;]<\/p>\n","protected":false},"author":2,"featured_media":0,"parent":4513,"menu_order":1,"comment_status":"closed","ping_status":"closed","template":"templates\/page-nos-garanties.php","meta":{"_acf_changed":false,"footnotes":""},"class_list":["post-4345","page","type-page","status-publish","hentry"],"acf":[],"_links":{"self":[{"href":"https:\/\/batitprotect.be\/nl\/wp-json\/wp\/v2\/pages\/4345","targetHints":{"allow":["GET"]}}],"collection":[{"href":"https:\/\/batitprotect.be\/nl\/wp-json\/wp\/v2\/pages"}],"about":[{"href":"https:\/\/batitprotect.be\/nl\/wp-json\/wp\/v2\/types\/page"}],"author":[{"embeddable":true,"href":"https:\/\/batitprotect.be\/nl\/wp-json\/wp\/v2\/users\/2"}],"replies":[{"embeddable":true,"href":"https:\/\/batitprotect.be\/nl\/wp-json\/wp\/v2\/comments?post=4345"}],"version-history":[{"count":5,"href":"https:\/\/batitprotect.be\/nl\/wp-json\/wp\/v2\/pages\/4345\/revisions"}],"predecessor-version":[{"id":5336,"href":"https:\/\/batitprotect.be\/nl\/wp-json\/wp\/v2\/pages\/4345\/revisions\/5336"}],"up":[{"embeddable":true,"href":"https:\/\/batitprotect.be\/nl\/wp-json\/wp\/v2\/pages\/4513"}],"wp:attachment":[{"href":"https:\/\/batitprotect.be\/nl\/wp-json\/wp\/v2\/media?parent=4345"}],"curies":[{"name":"wp","href":"https:\/\/api.w.org\/{rel}","templated":true}]}}